{"id":1089,"date":"2015-12-05T13:08:28","date_gmt":"2015-12-05T13:08:28","guid":{"rendered":"http:\/\/www.nahkur.com\/?page_id=1089"},"modified":"2026-02-04T18:44:21","modified_gmt":"2026-02-04T18:44:21","slug":"tehtud-tood","status":"publish","type":"page","link":"http:\/\/www.nahkur.com\/en\/tehtud-tood\/","title":{"rendered":"Portfolio"},"content":{"rendered":"[vc_row][vc_column][vc_column_text]\n<h2 class=\"margin-top-none normal_to_thick\" style=\"letter-spacing: -1.5px; text-align: left;\"><span style='font-weight: 800;'>OUR WORK<\/span><\/h2>\n[\/vc_column_text][\/vc_column][\/vc_row][vc_row][vc_column width=&#8221;1\/4&#8243;][vc_column_text]\n<h5 style=\"text-align: center;\"><strong>TRUCK INTERIOR UPHOLSTERY<\/strong><\/h5>\n[\/vc_column_text][vc_media_grid style=&#8221;pagination&#8221; items_per_page=&#8221;1&#8243; element_width=&#8221;12&#8243; arrows_design=&#8221;vc_arrow-icon-arrow_08_left&#8221; arrows_color=&#8221;white&#8221; paging_design=&#8221;none&#8221; grid_id=&#8221;vc_gid:1475530183352-8f1b1d9e7a7f835a6632d2ad2cad4cbd-0&#8243; include=&#8221;1455,1461,1460,1459,1458,1457,1456,1454,1453,1452,1451,1450,1449&#8243;][vc_column_text]\n<h5 style=\"text-align: center;\"><strong>CHEVROLET G20\u00a0SEATS\u00a0AND FLOORING<\/strong><\/h5>\n[\/vc_column_text][vc_media_grid style=&#8221;pagination&#8221; items_per_page=&#8221;1&#8243; element_width=&#8221;12&#8243; arrows_design=&#8221;vc_arrow-icon-arrow_07_left&#8221; arrows_color=&#8221;white&#8221; paging_design=&#8221;none&#8221; grid_id=&#8221;vc_gid:1475530183373-7bf14773fc4f7b826d007ea5cf291492-4&#8243; include=&#8221;1410,1411,1409&#8243; css=&#8221;.vc_custom_1452178781490{border-radius: 5px !important;}&#8221;][vc_column_text]\n<h5 style=\"text-align: center;\"><strong>TOYOTA LANDCRUISER\u00a0LEATHER<\/strong><\/h5>\n[\/vc_column_text][vc_media_grid style=&#8221;pagination&#8221; items_per_page=&#8221;1&#8243; element_width=&#8221;12&#8243; arrows_design=&#8221;vc_arrow-icon-arrow_07_left&#8221; arrows_color=&#8221;white&#8221; paging_design=&#8221;none&#8221; grid_id=&#8221;vc_gid:1475530183398-8b7532500f8e5d77ce5f34238d6adc5f-6&#8243; include=&#8221;1357,1358,1359&#8243;][\/vc_column][vc_column width=&#8221;1\/4&#8243;][vc_column_text]\n<h5 style=\"text-align: center;\"><strong>MERCEDES BENZ\u00a0DASHBOARD<\/strong><\/h5>\n[\/vc_column_text][vc_media_grid style=&#8221;pagination&#8221; items_per_page=&#8221;1&#8243; element_width=&#8221;12&#8243; arrows_design=&#8221;vc_arrow-icon-arrow_07_left&#8221; arrows_color=&#8221;white&#8221; paging_design=&#8221;none&#8221; grid_id=&#8221;vc_gid:1475530183452-05a345a18ae100758da692aa4c3f6fe3-8&#8243; include=&#8221;1355,1354,1356&#8243;][vc_column_text]\n<h5 style=\"text-align: center;\"><strong>SADDLES AND OTHER WORKS<\/strong><\/h5>\n[\/vc_column_text][vc_media_grid style=&#8221;pagination&#8221; items_per_page=&#8221;1&#8243; element_width=&#8221;12&#8243; arrows_design=&#8221;vc_arrow-icon-arrow_08_left&#8221; arrows_color=&#8221;white&#8221; paging_design=&#8221;none&#8221; grid_id=&#8221;vc_gid:1475530183474-952bc485115123e6495dd0ce7023a546-6&#8243; include=&#8221;1296,1290,1291,1292,1293,1294,1295,1297,1298,1299,1300,1301,1302&#8243;][vc_column_text]\n<h5 style=\"text-align: center;\"><strong>V\u00d5RU MAKSIMARKET SPECIAL FURNITURE<\/strong><\/h5>\n[\/vc_column_text][vc_media_grid style=&#8221;pagination&#8221; items_per_page=&#8221;1&#8243; element_width=&#8221;12&#8243; arrows_design=&#8221;vc_arrow-icon-arrow_08_left&#8221; arrows_color=&#8221;white&#8221; paging_design=&#8221;none&#8221; grid_id=&#8221;vc_gid:1475530183418-2c6ebe475494301784254eeda5fea755-10&#8243; include=&#8221;1289&#8243;][\/vc_column][vc_column width=&#8221;1\/4&#8243;][vc_column_text]\n<h5 style=\"text-align: center;\"><strong>SOFT FURNITURE (COUCHES ETC.)<\/strong><\/h5>\n[\/vc_column_text][vc_media_grid style=&#8221;pagination&#8221; items_per_page=&#8221;1&#8243; element_width=&#8221;12&#8243; arrows_design=&#8221;vc_arrow-icon-arrow_07_left&#8221; arrows_color=&#8221;white&#8221; paging_design=&#8221;none&#8221; grid_id=&#8221;vc_gid:1475530183516-ae0129b5e164d596a614d3f7ae8bf099-5&#8243; include=&#8221;1232,1269,1268,1270&#8243;][vc_column_text]\n<h5 style=\"text-align: center;\"><strong>VOLKSWAGEN MULTIVAN HALF-LEATHER<\/strong><\/h5>\n[\/vc_column_text][vc_media_grid style=&#8221;pagination&#8221; items_per_page=&#8221;1&#8243; element_width=&#8221;12&#8243; arrows_design=&#8221;vc_arrow-icon-arrow_08_left&#8221; arrows_color=&#8221;white&#8221; paging_design=&#8221;none&#8221; grid_id=&#8221;vc_gid:1475530183542-e78606156c054cdbd7ff6522a3e5027a-1&#8243; include=&#8221;1282,1283&#8243;][\/vc_column][vc_column width=&#8221;1\/4&#8243;][vc_column_text]\n<h5 style=\"text-align: center;\"><strong>TOYOTA HILUX\u00a0LEATHER SEATS<\/strong><\/h5>\n[\/vc_column_text][vc_media_grid style=&#8221;pagination&#8221; items_per_page=&#8221;1&#8243; element_width=&#8221;12&#8243; arrows_design=&#8221;vc_arrow-icon-arrow_07_left&#8221; arrows_color=&#8221;white&#8221; paging_design=&#8221;none&#8221; grid_id=&#8221;vc_gid:1475530183580-146b4eec91e594c41a9c87064af522c6-7&#8243; include=&#8221;1272,1273,1274,1275&#8243;][vc_column_text]\n<h5 style=\"text-align: center;\"><strong>VOLKSWAGEN NEW BEETLE\u00a0LEATHER<\/strong><\/h5>\n[\/vc_column_text][vc_media_grid style=&#8221;pagination&#8221; items_per_page=&#8221;1&#8243; element_width=&#8221;12&#8243; arrows_design=&#8221;vc_arrow-icon-arrow_08_left&#8221; arrows_color=&#8221;white&#8221; paging_design=&#8221;none&#8221; grid_id=&#8221;vc_gid:1475530183608-4abaed2da2f0477489104c2d4e3330ba-4&#8243; include=&#8221;1285,1284,1286,1287,1288&#8243;][\/vc_column][\/vc_row]","protected":false},"excerpt":{"rendered":"<p>[vc_row][vc_column][vc_column_text] [\/vc_column_text][\/vc_column][\/vc_row][vc_row][vc_column width=&#8221;1\/4&#8243;][vc_column_text] <strong>TRUCK INTERIOR UPHOLSTERY<\/strong> [\/vc_column_text][vc_media_grid style=&#8221;pagination&#8221; items_per_page=&#8221;1&#8243; element_width=&#8221;12&#8243; arrows_design=&#8221;vc_arrow-icon-arrow_08_left&#8221; arrows_color=&#8221;white&#8221; paging_design=&#8221;none&#8221; grid_id=&#8221;vc_gid:1475530183352-8f1b1d9e7a7f835a6632d2ad2cad4cbd-0&#8243; include=&#8221;1455,1461,1460,1459,1458,1457,1456,1454,1453,1452,1451,1450,1449&#8243;][vc_column_text] <strong>CHEVROLET G20\u00a0SEATS\u00a0AND FLOORING<\/strong> [\/vc_column_text][vc_media_grid style=&#8221;pagination&#8221; items_per_page=&#8221;1&#8243; element_width=&#8221;12&#8243; arrows_design=&#8221;vc_arrow-icon-arrow_07_left&#8221; arrows_color=&#8221;white&#8221; paging_design=&#8221;none&#8221; grid_id=&#8221;vc_gid:1475530183373-7bf14773fc4f7b826d007ea5cf291492-4&#8243; include=&#8221;1410,1411,1409&#8243; css=&#8221;.vc_custom_1452178781490{border-radius: 5px !important;}&#8221;][vc_column_text] <strong>TOYOTA LANDCRUISER\u00a0LEATHER<\/strong> [\/vc_column_text][vc_media_grid style=&#8221;pagination&#8221; items_per_page=&#8221;1&#8243; element_width=&#8221;12&#8243; arrows_design=&#8221;vc_arrow-icon-arrow_07_left&#8221; arrows_color=&#8221;white&#8221; paging_design=&#8221;none&#8221; grid_id=&#8221;vc_gid:1475530183398-8b7532500f8e5d77ce5f34238d6adc5f-6&#8243; include=&#8221;1357,1358,1359&#8243;][\/vc_column][vc_column width=&#8221;1\/4&#8243;][vc_column_text] <strong>MERCEDES BENZ\u00a0DASHBOARD<\/strong> [\/vc_column_text][vc_media_grid style=&#8221;pagination&#8221; items_per_page=&#8221;1&#8243; element_width=&#8221;12&#8243; arrows_design=&#8221;vc_arrow-icon-arrow_07_left&#8221; arrows_color=&#8221;white&#8221; paging_design=&#8221;none&#8221; grid_id=&#8221;vc_gid:1475530183452-05a345a18ae100758da692aa4c3f6fe3-8&#8243; include=&#8221;1355,1354,1356&#8243;][vc_column_text] <strong>SADDLES AND OTHER WORKS<\/strong> [\/vc_column_text][vc_media_grid style=&#8221;pagination&#8221; items_per_page=&#8221;1&#8243; element_width=&#8221;12&#8243; arrows_design=&#8221;vc_arrow-icon-arrow_08_left&#8221; arrows_color=&#8221;white&#8221; paging_design=&#8221;none&#8221; grid_id=&#8221;vc_gid:1475530183474-952bc485115123e6495dd0ce7023a546-6&#8243; include=&#8221;1296,1290,1291,1292,1293,1294,1295,1297,1298,1299,1300,1301,1302&#8243;][vc_column_text] <strong>V\u00d5RU MAKSIMARKET SPECIAL FURNITURE<\/strong> [\/vc_column_text][vc_media_grid style=&#8221;pagination&#8221; items_per_page=&#8221;1&#8243; element_width=&#8221;12&#8243; arrows_design=&#8221;vc_arrow-icon-arrow_08_left&#8221; arrows_color=&#8221;white&#8221; paging_design=&#8221;none&#8221; grid_id=&#8221;vc_gid:1475530183418-2c6ebe475494301784254eeda5fea755-10&#8243; include=&#8221;1289&#8243;][\/vc_column][vc_column width=&#8221;1\/4&#8243;][vc_column_text] <strong>SOFT FURNITURE (COUCHES ETC.)<\/strong> [\/vc_column_text][vc_media_grid style=&#8221;pagination&#8221; items_per_page=&#8221;1&#8243; element_width=&#8221;12&#8243; arrows_design=&#8221;vc_arrow-icon-arrow_07_left&#8221; arrows_color=&#8221;white&#8221; paging_design=&#8221;none&#8221; grid_id=&#8221;vc_gid:1475530183516-ae0129b5e164d596a614d3f7ae8bf099-5&#8243; include=&#8221;1232,1269,1268,1270&#8243;][vc_column_text] <strong>VOLKSWAGEN MULTIVAN HALF-LEATHER<\/strong> [\/vc_column_text][vc_media_grid style=&#8221;pagination&#8221; items_per_page=&#8221;1&#8243; element_width=&#8221;12&#8243; arrows_design=&#8221;vc_arrow-icon-arrow_08_left&#8221; arrows_color=&#8221;white&#8221; paging_design=&#8221;none&#8221; grid_id=&#8221;vc_gid:1475530183542-e78606156c054cdbd7ff6522a3e5027a-1&#8243; include=&#8221;1282,1283&#8243;][\/vc_column][vc_column width=&#8221;1\/4&#8243;][vc_column_text] <strong>TOYOTA HILUX\u00a0LEATHER SEATS<\/strong> [\/vc_column_text][vc_media_grid style=&#8221;pagination&#8221; items_per_page=&#8221;1&#8243; element_width=&#8221;12&#8243; arrows_design=&#8221;vc_arrow-icon-arrow_07_left&#8221; arrows_color=&#8221;white&#8221; paging_design=&#8221;none&#8221; grid_id=&#8221;vc_gid:1475530183580-146b4eec91e594c41a9c87064af522c6-7&#8243; include=&#8221;1272,1273,1274,1275&#8243;][vc_column_text] <strong>VOLKSWAGEN NEW BEETLE\u00a0LEATHER<\/strong> [\/vc_column_text][vc_media_grid style=&#8221;pagination&#8221; items_per_page=&#8221;1&#8243; element_width=&#8221;12&#8243; arrows_design=&#8221;vc_arrow-icon-arrow_08_left&#8221; arrows_color=&#8221;white&#8221; paging_design=&#8221;none&#8221; grid_id=&#8221;vc_gid:1475530183608-4abaed2da2f0477489104c2d4e3330ba-4&#8243; include=&#8221;1285,1284,1286,1287,1288&#8243;][\/vc_column][\/vc_row]<\/p>\n","protected":false},"author":1,"featured_media":0,"parent":0,"menu_order":0,"comment_status":"closed","ping_status":"closed","template":"","meta":{"om_disable_all_campaigns":false,"_monsterinsights_skip_tracking":false,"_monsterinsights_sitenote_active":false,"_monsterinsights_sitenote_note":"","_monsterinsights_sitenote_category":0,"footnotes":""},"aioseo_notices":[],"yoast_head":"<!-- This site is optimized with the Yoast SEO plugin v22.9 - https:\/\/yoast.com\/wordpress\/plugins\/seo\/ -->\n<title>Nahkur - Valik meie poolt valminud t\u00f6id<\/title>\n<meta name=\"description\" content=\"Meie poolt valminud t\u00f6\u00f6d: nahkistmed, diivanid, auto nahksisud, nahkistmed, erim\u00f6\u00f6bel, sadulad jm.\" \/>\n<meta name=\"robots\" content=\"index, follow, max-snippet:-1, max-image-preview:large, max-video-preview:-1\" \/>\n<link rel=\"canonical\" href=\"https:\/\/www.nahkur.com\/tehtud-tood\/\" \/>\n<meta property=\"og:locale\" content=\"en_US\" \/>\n<meta property=\"og:type\" content=\"article\" \/>\n<meta property=\"og:title\" content=\"Nahkur - Valik meie poolt valminud t\u00f6id\" \/>\n<meta property=\"og:description\" content=\"Meie poolt valminud t\u00f6\u00f6d: nahkistmed, diivanid, auto nahksisud, nahkistmed, erim\u00f6\u00f6bel, sadulad jm.\" \/>\n<meta property=\"og:url\" content=\"https:\/\/www.nahkur.com\/tehtud-tood\/\" \/>\n<meta property=\"og:site_name\" content=\"Nahkur\" \/>\n<meta property=\"article:publisher\" content=\"https:\/\/www.facebook.com\/nahkurcom\" \/>\n<meta property=\"article:modified_time\" content=\"2026-02-04T18:44:21+00:00\" \/>\n<meta property=\"og:image\" content=\"http:\/\/www.nahkur.com\/wp-content\/uploads\/2015\/12\/nahkur-main-slider.jpg\" \/>\n\t<meta property=\"og:image:width\" content=\"2000\" \/>\n\t<meta property=\"og:image:height\" content=\"625\" \/>\n\t<meta property=\"og:image:type\" content=\"image\/jpeg\" \/>\n<meta name=\"twitter:card\" content=\"summary_large_image\" \/>\n<meta name=\"twitter:label1\" content=\"Est. reading time\" \/>\n\t<meta name=\"twitter:data1\" content=\"1 minute\" \/>\n<script type=\"application\/ld+json\" class=\"yoast-schema-graph\">{\"@context\":\"https:\/\/schema.org\",\"@graph\":[{\"@type\":\"WebPage\",\"@id\":\"https:\/\/www.nahkur.com\/tehtud-tood\/\",\"url\":\"https:\/\/www.nahkur.com\/tehtud-tood\/\",\"name\":\"Nahkur - Valik meie poolt valminud t\u00f6id\",\"isPartOf\":{\"@id\":\"http:\/\/www.nahkur.com\/#website\"},\"datePublished\":\"2015-12-05T13:08:28+00:00\",\"dateModified\":\"2026-02-04T18:44:21+00:00\",\"description\":\"Meie poolt valminud t\u00f6\u00f6d: nahkistmed, diivanid, auto nahksisud, nahkistmed, erim\u00f6\u00f6bel, sadulad jm.\",\"breadcrumb\":{\"@id\":\"https:\/\/www.nahkur.com\/tehtud-tood\/#breadcrumb\"},\"inLanguage\":\"en-US\",\"potentialAction\":[{\"@type\":\"ReadAction\",\"target\":[\"https:\/\/www.nahkur.com\/tehtud-tood\/\"]}]},{\"@type\":\"BreadcrumbList\",\"@id\":\"https:\/\/www.nahkur.com\/tehtud-tood\/#breadcrumb\",\"itemListElement\":[{\"@type\":\"ListItem\",\"position\":1,\"name\":\"Home\",\"item\":\"http:\/\/www.nahkur.com\/\"},{\"@type\":\"ListItem\",\"position\":2,\"name\":\"Tehtud t\u00f6\u00f6d\"}]},{\"@type\":\"WebSite\",\"@id\":\"http:\/\/www.nahkur.com\/#website\",\"url\":\"http:\/\/www.nahkur.com\/\",\"name\":\"Nahkur - Sadulsepa, polsterdus- ja \u00f5mblust\u00f6\u00f6d\",\"description\":\"Auto nahksisu, polsterdust\u00f6\u00f6d ja \u00f5mblust\u00f6\u00f6d\",\"publisher\":{\"@id\":\"http:\/\/www.nahkur.com\/#organization\"},\"potentialAction\":[{\"@type\":\"SearchAction\",\"target\":{\"@type\":\"EntryPoint\",\"urlTemplate\":\"http:\/\/www.nahkur.com\/?s={search_term_string}\"},\"query-input\":\"required name=search_term_string\"}],\"inLanguage\":\"en-US\"},{\"@type\":\"Organization\",\"@id\":\"http:\/\/www.nahkur.com\/#organization\",\"name\":\"Nahkur O\u00dc - Kanga ja naha m\u00fc\u00fck - auto nahksisu\",\"alternateName\":\"Nahkur O\u00dc\",\"url\":\"http:\/\/www.nahkur.com\/\",\"logo\":{\"@type\":\"ImageObject\",\"inLanguage\":\"en-US\",\"@id\":\"http:\/\/www.nahkur.com\/#\/schema\/logo\/image\/\",\"url\":\"https:\/\/www.nahkur.com\/wp-content\/uploads\/2018\/08\/logo.png\",\"contentUrl\":\"https:\/\/www.nahkur.com\/wp-content\/uploads\/2018\/08\/logo.png\",\"width\":154,\"height\":91,\"caption\":\"Nahkur O\u00dc - Kanga ja naha m\u00fc\u00fck - auto nahksisu\"},\"image\":{\"@id\":\"http:\/\/www.nahkur.com\/#\/schema\/logo\/image\/\"},\"sameAs\":[\"https:\/\/www.facebook.com\/nahkurcom\"]}]}<\/script>\n<!-- \/ Yoast SEO plugin. -->","yoast_head_json":{"title":"Nahkur - Valik meie poolt valminud t\u00f6id","description":"Meie poolt valminud t\u00f6\u00f6d: nahkistmed, diivanid, auto nahksisud, nahkistmed, erim\u00f6\u00f6bel, sadulad jm.","robots":{"index":"index","follow":"follow","max-snippet":"max-snippet:-1","max-image-preview":"max-image-preview:large","max-video-preview":"max-video-preview:-1"},"canonical":"https:\/\/www.nahkur.com\/tehtud-tood\/","og_locale":"en_US","og_type":"article","og_title":"Nahkur - Valik meie poolt valminud t\u00f6id","og_description":"Meie poolt valminud t\u00f6\u00f6d: nahkistmed, diivanid, auto nahksisud, nahkistmed, erim\u00f6\u00f6bel, sadulad jm.","og_url":"https:\/\/www.nahkur.com\/tehtud-tood\/","og_site_name":"Nahkur","article_publisher":"https:\/\/www.facebook.com\/nahkurcom","article_modified_time":"2026-02-04T18:44:21+00:00","og_image":[{"width":2000,"height":625,"url":"http:\/\/www.nahkur.com\/wp-content\/uploads\/2015\/12\/nahkur-main-slider.jpg","type":"image\/jpeg"}],"twitter_card":"summary_large_image","twitter_misc":{"Est. reading time":"1 minute"},"schema":{"@context":"https:\/\/schema.org","@graph":[{"@type":"WebPage","@id":"https:\/\/www.nahkur.com\/tehtud-tood\/","url":"https:\/\/www.nahkur.com\/tehtud-tood\/","name":"Nahkur - Valik meie poolt valminud t\u00f6id","isPartOf":{"@id":"http:\/\/www.nahkur.com\/#website"},"datePublished":"2015-12-05T13:08:28+00:00","dateModified":"2026-02-04T18:44:21+00:00","description":"Meie poolt valminud t\u00f6\u00f6d: nahkistmed, diivanid, auto nahksisud, nahkistmed, erim\u00f6\u00f6bel, sadulad jm.","breadcrumb":{"@id":"https:\/\/www.nahkur.com\/tehtud-tood\/#breadcrumb"},"inLanguage":"en-US","potentialAction":[{"@type":"ReadAction","target":["https:\/\/www.nahkur.com\/tehtud-tood\/"]}]},{"@type":"BreadcrumbList","@id":"https:\/\/www.nahkur.com\/tehtud-tood\/#breadcrumb","itemListElement":[{"@type":"ListItem","position":1,"name":"Home","item":"http:\/\/www.nahkur.com\/"},{"@type":"ListItem","position":2,"name":"Tehtud t\u00f6\u00f6d"}]},{"@type":"WebSite","@id":"http:\/\/www.nahkur.com\/#website","url":"http:\/\/www.nahkur.com\/","name":"Nahkur - Sadulsepa, polsterdus- ja \u00f5mblust\u00f6\u00f6d","description":"Auto nahksisu, polsterdust\u00f6\u00f6d ja \u00f5mblust\u00f6\u00f6d","publisher":{"@id":"http:\/\/www.nahkur.com\/#organization"},"potentialAction":[{"@type":"SearchAction","target":{"@type":"EntryPoint","urlTemplate":"http:\/\/www.nahkur.com\/?s={search_term_string}"},"query-input":"required name=search_term_string"}],"inLanguage":"en-US"},{"@type":"Organization","@id":"http:\/\/www.nahkur.com\/#organization","name":"Nahkur O\u00dc - Kanga ja naha m\u00fc\u00fck - auto nahksisu","alternateName":"Nahkur O\u00dc","url":"http:\/\/www.nahkur.com\/","logo":{"@type":"ImageObject","inLanguage":"en-US","@id":"http:\/\/www.nahkur.com\/#\/schema\/logo\/image\/","url":"https:\/\/www.nahkur.com\/wp-content\/uploads\/2018\/08\/logo.png","contentUrl":"https:\/\/www.nahkur.com\/wp-content\/uploads\/2018\/08\/logo.png","width":154,"height":91,"caption":"Nahkur O\u00dc - Kanga ja naha m\u00fc\u00fck - auto nahksisu"},"image":{"@id":"http:\/\/www.nahkur.com\/#\/schema\/logo\/image\/"},"sameAs":["https:\/\/www.facebook.com\/nahkurcom"]}]}},"_links":{"self":[{"href":"http:\/\/www.nahkur.com\/en\/wp-json\/wp\/v2\/pages\/1089"}],"collection":[{"href":"http:\/\/www.nahkur.com\/en\/wp-json\/wp\/v2\/pages"}],"about":[{"href":"http:\/\/www.nahkur.com\/en\/wp-json\/wp\/v2\/types\/page"}],"author":[{"embeddable":true,"href":"http:\/\/www.nahkur.com\/en\/wp-json\/wp\/v2\/users\/1"}],"replies":[{"embeddable":true,"href":"http:\/\/www.nahkur.com\/en\/wp-json\/wp\/v2\/comments?post=1089"}],"version-history":[{"count":5,"href":"http:\/\/www.nahkur.com\/en\/wp-json\/wp\/v2\/pages\/1089\/revisions"}],"predecessor-version":[{"id":1749,"href":"http:\/\/www.nahkur.com\/en\/wp-json\/wp\/v2\/pages\/1089\/revisions\/1749"}],"wp:attachment":[{"href":"http:\/\/www.nahkur.com\/en\/wp-json\/wp\/v2\/media?parent=1089"}],"curies":[{"name":"wp","href":"https:\/\/api.w.org\/{rel}","templated":true}]}}