{"id":707,"date":"2014-09-10T19:45:59","date_gmt":"2014-09-10T19:45:59","guid":{"rendered":"http:\/\/demo.themesuite.com\/automotive-wp\/?page_id=2"},"modified":"2026-02-04T19:15:40","modified_gmt":"2026-02-04T19:15:40","slug":"home","status":"publish","type":"page","link":"http:\/\/www.nahkur.com\/en\/","title":{"rendered":"Home"},"content":{"rendered":"<h5 style=\"text-align: center;\">We are interested in cooperation across the Europe by offering soft furniture sewing. Get in touch\u00a0<a href=\"mailto:info@nahkur.com\">info@nahkur.com<\/a><\/h5>\n\t\t<div class=\"row parallax_parent \">\r\n\t\t\t<div class=\"parallax_scroll clearfix\" data-velocity=\"-.3\"\r\n\t\t\t     data-offset=\"0\" data-image=\"\">\r\n\t\t\t\t<div class=\"overlay\"\r\n\t\t\t\t     style=\"background-color: rgba(240,240,240,0.95); color: #2d2d2d;\">\r\n\t\t\t\t\t<div class=\"padding-vertical-10\">\r\n\r\n\t\t\t\t\t\t\r\n\t\t\t\t\t\t<div class=\"row container margin-top-60\">\r\n\r\n\t\t\t\t\t\t\t<span class='align-center featured_icon_box '><i class='fa fa-car fa-6x'><\/i><\/span><h4>Why to prefer leather seats in car<\/h4><p>Leather seats biggest advantage is durability. Good and maintained leather seats will last at least 20 years.<\/p>\n<p>Families with childrens should choose leather seats in their car. Melt ice cream, yogurt and other products may ruin textile seats, but with leather there is no such problem. In these cases leather cleaning is cheap and easy.<\/p>\n<p>With leather you don&#8217;t have to waste hours of cleaning stains or paying for dry cleaning.<\/p><span class='align-center featured_icon_box '><i class='fa fa-eur fa-6x'><\/i><\/span><h4>Leather seats from car salon<\/h4><p>If you are ordering new car from salon and choosing leather seats as an extra, you&#8217;ll be making overpayment. Ordering leather seats as an extra from salon may cost three times more than ordering our solution.<\/p>\n<p>If you are residing or visiting Estonia then it&#8217;s obviously cheaper to order from us. Our quality is same as ordering from factory. We are also giving 2 year warranty for our work.<\/p>\n<p>Why not spend saved money for travelling with your family to get new shot of energy?<\/p><span class='align-center featured_icon_box '><i class='fa fa-balance-scale fa-6x'><\/i><\/span><h4>Sewing company subcontractor<\/h4><p>There is lots of situations where company needs a subcontractor to balance work allocation or needs upholsterer only seasonally.<\/p>\n<p>We are offering service for soft furniture cover sewing. It helps balance work allocation in your company and also helps along to increase your profit.<\/p>\n<p>This solution helps your company on busy times and you don&#8217;t have to take extra risks to hire new employees.<\/p><span class='align-center featured_icon_box '><i class='fa fa-globe fa-6x'><\/i><\/span><h4>Cooperation across Europe<\/h4><p>Our ambition is to consistently expand and find new partners for cooperation. We are ready to make sewing works to another countries.<\/p>\n<p>Transportation can be handled via international mail services.<\/p>\n<p>Our company communication languages are: Estonian, Russian and English.<\/p>\n<p>As production in Europe is considerably expensive, then we believe that services we offer by using mail services guarantees low production costs.<\/p>\r\n\t\t\t\t\t\t<\/div>\r\n\t\t\t\t\t<\/div>\r\n\t\t\t\t<\/div>\r\n\t\t\t<\/div>\r\n\t\t<\/div>\r\n\t\t[vc_row el_class=&#8221;fullwidth_element margin-top-30 padding-bottom-40 margin-bottom-none&#8221;][vc_column][vc_column_text]\n<h5 style=\"text-align: center;\">We are interested in cooperation across the Europe by offering soft furniture sewing. Get in touch\u00a0<a href=\"mailto:info@nahkur.com\">info@nahkur.com<\/a><\/h5>\n[\/vc_column_text]\t\t<div class=\"row parallax_parent \">\r\n\t\t\t<div class=\"parallax_scroll clearfix\" data-velocity=\"-.3\"\r\n\t\t\t     data-offset=\"0\" data-image=\"\">\r\n\t\t\t\t<div class=\"overlay\"\r\n\t\t\t\t     style=\"background-color: rgba(240,240,240,0.95); color: #2d2d2d;\">\r\n\t\t\t\t\t<div class=\"padding-vertical-10\">\r\n\r\n\t\t\t\t\t\t\r\n\t\t\t\t\t\t<div class=\"row container margin-top-60\">\r\n\r\n\t\t\t\t\t\t\t[vc_row_inner el_class=&#8221;margin-bottom-60&#8243;][vc_column_inner width=&#8221;1\/4&#8243;]<span class='align-center featured_icon_box '><i class='fa fa-car fa-6x'><\/i><\/span><h4>Why to prefer leather seats in car<\/h4><p>Leather seats biggest advantage is durability. Good and maintained leather seats will last at least 20 years.<\/p>\n<p>Families with childrens should choose leather seats in their car. Melt ice cream, yogurt and other products may ruin textile seats, but with leather there is no such problem. In these cases leather cleaning is cheap and easy.<\/p>\n<p>With leather you don&#8217;t have to waste hours of cleaning stains or paying for dry cleaning.<\/p>[\/vc_column_inner][vc_column_inner width=&#8221;1\/4&#8243;]<span class='align-center featured_icon_box '><i class='fa fa-eur fa-6x'><\/i><\/span><h4>Leather seats from car salon<\/h4><p>If you are ordering new car from salon and choosing leather seats as an extra, you&#8217;ll be making overpayment. Ordering leather seats as an extra from salon may cost three times more than ordering our solution.<\/p>\n<p>If you are residing or visiting Estonia then it&#8217;s obviously cheaper to order from us. Our quality is same as ordering from factory. We are also giving 2 year warranty for our work.<\/p>\n<p>Why not spend saved money for travelling with your family to get new shot of energy?<\/p>[\/vc_column_inner][vc_column_inner width=&#8221;1\/4&#8243;]<span class='align-center featured_icon_box '><i class='fa fa-balance-scale fa-6x'><\/i><\/span><h4>Sewing company subcontractor<\/h4><p>There is lots of situations where company needs a subcontractor to balance work allocation or needs upholsterer only seasonally.<\/p>\n<p>We are offering service for soft furniture cover sewing. It helps balance work allocation in your company and also helps along to increase your profit.<\/p>\n<p>This solution helps your company on busy times and you don&#8217;t have to take extra risks to hire new employees.<\/p>[\/vc_column_inner][vc_column_inner width=&#8221;1\/4&#8243;]<span class='align-center featured_icon_box '><i class='fa fa-globe fa-6x'><\/i><\/span><h4>Cooperation across Europe<\/h4><p>Our ambition is to consistently expand and find new partners for cooperation. We are ready to make sewing works to another countries.<\/p>\n<p>Transportation can be handled via international mail services.<\/p>\n<p>Our company communication languages are: Estonian, Russian and English.<\/p>\n<p>As production in Europe is considerably expensive, then we believe that services we offer by using mail services guarantees low production costs.<\/p>[\/vc_column_inner][\/vc_row_inner]\r\n\t\t\t\t\t\t<\/div>\r\n\t\t\t\t\t<\/div>\r\n\t\t\t\t<\/div>\r\n\t\t\t<\/div>\r\n\t\t<\/div>\r\n\t\t[\/vc_column][\/vc_row][vc_row el_class=&#8221;fullwidth_element margin-top-30 padding-bottom-40 margin-bottom-none&#8221;][vc_column][vc_column_text]\n<h5 style=\"text-align: center;\">We are interested in cooperation across the Europe by offering soft furniture sewing. Get in touch\u00a0<a href=\"mailto:info@nahkur.com\">info@nahkur.com<\/a><\/h5>\n[\/vc_column_text]\t\t<div class=\"row parallax_parent \">\r\n\t\t\t<div class=\"parallax_scroll clearfix\" data-velocity=\"-.3\"\r\n\t\t\t     data-offset=\"0\" data-image=\"\">\r\n\t\t\t\t<div class=\"overlay\"\r\n\t\t\t\t     style=\"background-color: rgba(240,240,240,0.95); color: #2d2d2d;\">\r\n\t\t\t\t\t<div class=\"padding-vertical-10\">\r\n\r\n\t\t\t\t\t\t\r\n\t\t\t\t\t\t<div class=\"row container margin-top-60\">\r\n\r\n\t\t\t\t\t\t\t[vc_row_inner el_class=&#8221;margin-bottom-60&#8243;][vc_column_inner width=&#8221;1\/4&#8243;]<span class='align-center featured_icon_box '><i class='fa fa-car fa-6x'><\/i><\/span><h4>Why to prefer leather seats in car<\/h4><p>Leather seats biggest advantage is durability. Good and maintained leather seats will last at least 20 years.<\/p>\n<p>Families with childrens should choose leather seats in their car. Melt ice cream, yogurt and other products may ruin textile seats, but with leather there is no such problem. In these cases leather cleaning is cheap and easy.<\/p>\n<p>With leather you don&#8217;t have to waste hours of cleaning stains or paying for dry cleaning.<\/p>[\/vc_column_inner][vc_column_inner width=&#8221;1\/4&#8243;]<span class='align-center featured_icon_box '><i class='fa fa-eur fa-6x'><\/i><\/span><h4>Leather seats from car salon<\/h4><p>If you are ordering new car from salon and choosing leather seats as an extra, you&#8217;ll be making overpayment. Ordering leather seats as an extra from salon may cost three times more than ordering our solution.<\/p>\n<p>If you are residing or visiting Estonia then it&#8217;s obviously cheaper to order from us. Our quality is same as ordering from factory. We are also giving 2 year warranty for our work.<\/p>\n<p>Why not spend saved money for travelling with your family to get new shot of energy?<\/p>[\/vc_column_inner][vc_column_inner width=&#8221;1\/4&#8243;]<span class='align-center featured_icon_box '><i class='fa fa-balance-scale fa-6x'><\/i><\/span><h4>Sewing company subcontractor<\/h4><p>There is lots of situations where company needs a subcontractor to balance work allocation or needs upholsterer only seasonally.<\/p>\n<p>We are offering service for soft furniture cover sewing. It helps balance work allocation in your company and also helps along to increase your profit.<\/p>\n<p>This solution helps your company on busy times and you don&#8217;t have to take extra risks to hire new employees.<\/p>[\/vc_column_inner][vc_column_inner width=&#8221;1\/4&#8243;]<span class='align-center featured_icon_box '><i class='fa fa-globe fa-6x'><\/i><\/span><h4>Cooperation across Europe<\/h4><p>Our ambition is to consistently expand and find new partners for cooperation. We are ready to make sewing works to another countries.<\/p>\n<p>Transportation can be handled via international mail services.<\/p>\n<p>Our company communication languages are: Estonian, Russian and English.<\/p>\n<p>As production in Europe is considerably expensive, then we believe that services we offer by using mail services guarantees low production costs.<\/p>[\/vc_column_inner][\/vc_row_inner]\r\n\t\t\t\t\t\t<\/div>\r\n\t\t\t\t\t<\/div>\r\n\t\t\t\t<\/div>\r\n\t\t\t<\/div>\r\n\t\t<\/div>\r\n\t\t[\/vc_column][\/vc_row][vc_row el_class=&#8221;fullwidth_element margin-top-30 padding-bottom-40 margin-bottom-none&#8221;][vc_column][vc_column_text]\n<h5 style=\"text-align: center;\">We are interested in cooperation across the Europe by offering soft furniture sewing. Get in touch\u00a0<a href=\"mailto:info@nahkur.com\">info@nahkur.com<\/a><\/h5>\n[\/vc_column_text]\t\t<div class=\"row parallax_parent \">\r\n\t\t\t<div class=\"parallax_scroll clearfix\" data-velocity=\"-.3\"\r\n\t\t\t     data-offset=\"0\" data-image=\"\">\r\n\t\t\t\t<div class=\"overlay\"\r\n\t\t\t\t     style=\"background-color: rgba(240,240,240,0.95); color: #2d2d2d;\">\r\n\t\t\t\t\t<div class=\"padding-vertical-10\">\r\n\r\n\t\t\t\t\t\t\r\n\t\t\t\t\t\t<div class=\"row container margin-top-60\">\r\n\r\n\t\t\t\t\t\t\t[vc_row_inner el_class=&#8221;margin-bottom-60&#8243;][vc_column_inner width=&#8221;1\/4&#8243;]<span class='align-center featured_icon_box '><i class='fa fa-car fa-6x'><\/i><\/span><h4>Why to prefer leather seats in car<\/h4><p>Leather seats biggest advantage is durability. Good and maintained leather seats will last at least 20 years.<\/p>\n<p>Families with childrens should choose leather seats in their car. Melt ice cream, yogurt and other products may ruin textile seats, but with leather there is no such problem. In these cases leather cleaning is cheap and easy.<\/p>\n<p>With leather you don&#8217;t have to waste hours of cleaning stains or paying for dry cleaning.<\/p>[\/vc_column_inner][vc_column_inner width=&#8221;1\/4&#8243;]<span class='align-center featured_icon_box '><i class='fa fa-eur fa-6x'><\/i><\/span><h4>Leather seats from car salon<\/h4><p>If you are ordering new car from salon and choosing leather seats as an extra, you&#8217;ll be making overpayment. Ordering leather seats as an extra from salon may cost three times more than ordering our solution.<\/p>\n<p>If you are residing or visiting Estonia then it&#8217;s obviously cheaper to order from us. Our quality is same as ordering from factory. We are also giving 2 year warranty for our work.<\/p>\n<p>Why not spend saved money for travelling with your family to get new shot of energy?<\/p>[\/vc_column_inner][vc_column_inner width=&#8221;1\/4&#8243;]<span class='align-center featured_icon_box '><i class='fa fa-balance-scale fa-6x'><\/i><\/span><h4>Sewing company subcontractor<\/h4><p>There is lots of situations where company needs a subcontractor to balance work allocation or needs upholsterer only seasonally.<\/p>\n<p>We are offering service for soft furniture cover sewing. It helps balance work allocation in your company and also helps along to increase your profit.<\/p>\n<p>This solution helps your company on busy times and you don&#8217;t have to take extra risks to hire new employees.<\/p>[\/vc_column_inner][vc_column_inner width=&#8221;1\/4&#8243;]<span class='align-center featured_icon_box '><i class='fa fa-globe fa-6x'><\/i><\/span><h4>Cooperation across Europe<\/h4><p>Our ambition is to consistently expand and find new partners for cooperation. We are ready to make sewing works to another countries.<\/p>\n<p>Transportation can be handled via international mail services.<\/p>\n<p>Our company communication languages are: Estonian, Russian and English.<\/p>\n<p>As production in Europe is considerably expensive, then we believe that services we offer by using mail services guarantees low production costs.<\/p>[\/vc_column_inner][\/vc_row_inner]\r\n\t\t\t\t\t\t<\/div>\r\n\t\t\t\t\t<\/div>\r\n\t\t\t\t<\/div>\r\n\t\t\t<\/div>\r\n\t\t<\/div>\r\n\t\t[\/vc_column][\/vc_row]","protected":false},"excerpt":{"rendered":"<p>We are interested in cooperation across the Europe by offering soft furniture sewing. Get in touch\u00a0info@nahkur.com [vc_row el_class=&#8221;fullwidth_element margin-top-30 padding-bottom-40 margin-bottom-none&#8221;][vc_column][vc_column_text] We are interested in cooperation across the Europe by offering soft furniture sewing. Get in touch\u00a0info@nahkur.com [\/vc_column_text][\/vc_column][\/vc_row][vc_row el_class=&#8221;fullwidth_element margin-top-30 padding-bottom-40 margin-bottom-none&#8221;][vc_column][vc_column_text] We are interested in cooperation across the Europe by offering soft furniture sewing. Get in touch\u00a0info@nahkur.com [\/vc_column_text][\/vc_column][\/vc_row][vc_row el_class=&#8221;fullwidth_element margin-top-30 padding-bottom-40 margin-bottom-none&#8221;][vc_column][vc_column_text] We are interested in cooperation across the Europe by offering soft furniture sewing. Get in touch\u00a0info@nahkur.com [\/vc_column_text][\/vc_column][\/vc_row]<\/p>\n","protected":false},"author":1,"featured_media":0,"parent":0,"menu_order":0,"comment_status":"closed","ping_status":"closed","template":"","meta":{"om_disable_all_campaigns":false,"_monsterinsights_skip_tracking":false,"_monsterinsights_sitenote_active":false,"_monsterinsights_sitenote_note":"","_monsterinsights_sitenote_category":0,"footnotes":""},"aioseo_notices":[],"yoast_head":"<!-- This site is optimized with the Yoast SEO plugin v22.9 - https:\/\/yoast.com\/wordpress\/plugins\/seo\/ -->\n<title>Nahkur - Sadulsepa teenused, polsterdust\u00f6\u00f6d ja \u00f5mblust\u00f6\u00f6d<\/title>\n<meta name=\"description\" content=\"Kvaliteetsed autonahad, kangad ja m\u00f6\u00f6bli tekstiil. Suures valikus auto laekangast. Posterdust\u00f6\u00f6d m\u00f6\u00f6blile, moto sadulatele ja autosisule.\" \/>\n<meta name=\"robots\" content=\"index, follow, max-snippet:-1, max-image-preview:large, max-video-preview:-1\" \/>\n<link rel=\"canonical\" href=\"http:\/\/www.nahkur.com\/\" \/>\n<meta property=\"og:locale\" content=\"en_US\" \/>\n<meta property=\"og:type\" content=\"article\" \/>\n<meta property=\"og:title\" content=\"Nahkur - autosisud, naha ja tekstiili m\u00fc\u00fck\" \/>\n<meta property=\"og:description\" content=\"Kvaliteetsed autonahad, kangad ja m\u00f6\u00f6bli tekstiil. Suures valikus auto laekangast. Posterdust\u00f6\u00f6d m\u00f6\u00f6blile, moto sadulatele ja autosisule.\" \/>\n<meta property=\"og:url\" content=\"http:\/\/www.nahkur.com\/\" \/>\n<meta property=\"og:site_name\" content=\"Nahkur\" \/>\n<meta property=\"article:publisher\" content=\"https:\/\/www.facebook.com\/nahkurcom\" \/>\n<meta property=\"article:modified_time\" content=\"2026-02-04T19:15:40+00:00\" \/>\n<meta property=\"og:image\" content=\"http:\/\/www.nahkur.com\/wp-content\/uploads\/2024\/06\/57358201_2552473081449497_9046731271899709440_n.jpg\" \/>\n\t<meta property=\"og:image:width\" content=\"2048\" \/>\n\t<meta property=\"og:image:height\" content=\"1365\" \/>\n\t<meta property=\"og:image:type\" content=\"image\/jpeg\" \/>\n<meta name=\"twitter:card\" content=\"summary_large_image\" \/>\n<meta name=\"twitter:label1\" content=\"Est. reading time\" \/>\n\t<meta name=\"twitter:data1\" content=\"2 minutes\" \/>\n<script type=\"application\/ld+json\" class=\"yoast-schema-graph\">{\"@context\":\"https:\/\/schema.org\",\"@graph\":[{\"@type\":\"WebPage\",\"@id\":\"http:\/\/www.nahkur.com\/\",\"url\":\"http:\/\/www.nahkur.com\/\",\"name\":\"Nahkur - Sadulsepa teenused, polsterdust\u00f6\u00f6d ja \u00f5mblust\u00f6\u00f6d\",\"isPartOf\":{\"@id\":\"http:\/\/www.nahkur.com\/#website\"},\"datePublished\":\"2014-09-10T19:45:59+00:00\",\"dateModified\":\"2026-02-04T19:15:40+00:00\",\"description\":\"Kvaliteetsed autonahad, kangad ja m\u00f6\u00f6bli tekstiil. Suures valikus auto laekangast. Posterdust\u00f6\u00f6d m\u00f6\u00f6blile, moto sadulatele ja autosisule.\",\"breadcrumb\":{\"@id\":\"http:\/\/www.nahkur.com\/#breadcrumb\"},\"inLanguage\":\"en-US\",\"potentialAction\":[{\"@type\":\"ReadAction\",\"target\":[\"http:\/\/www.nahkur.com\/\"]}]},{\"@type\":\"BreadcrumbList\",\"@id\":\"http:\/\/www.nahkur.com\/#breadcrumb\",\"itemListElement\":[{\"@type\":\"ListItem\",\"position\":1,\"name\":\"Home\",\"item\":\"http:\/\/www.nahkur.com\/\"},{\"@type\":\"ListItem\",\"position\":2,\"name\":\"Esileht\"}]},{\"@type\":\"WebSite\",\"@id\":\"http:\/\/www.nahkur.com\/#website\",\"url\":\"http:\/\/www.nahkur.com\/\",\"name\":\"Nahkur - Sadulsepa, polsterdus- ja \u00f5mblust\u00f6\u00f6d\",\"description\":\"Auto nahksisu, polsterdust\u00f6\u00f6d ja \u00f5mblust\u00f6\u00f6d\",\"publisher\":{\"@id\":\"http:\/\/www.nahkur.com\/#organization\"},\"potentialAction\":[{\"@type\":\"SearchAction\",\"target\":{\"@type\":\"EntryPoint\",\"urlTemplate\":\"http:\/\/www.nahkur.com\/?s={search_term_string}\"},\"query-input\":\"required name=search_term_string\"}],\"inLanguage\":\"en-US\"},{\"@type\":\"Organization\",\"@id\":\"http:\/\/www.nahkur.com\/#organization\",\"name\":\"Nahkur O\u00dc - Kanga ja naha m\u00fc\u00fck - auto nahksisu\",\"alternateName\":\"Nahkur O\u00dc\",\"url\":\"http:\/\/www.nahkur.com\/\",\"logo\":{\"@type\":\"ImageObject\",\"inLanguage\":\"en-US\",\"@id\":\"http:\/\/www.nahkur.com\/#\/schema\/logo\/image\/\",\"url\":\"https:\/\/www.nahkur.com\/wp-content\/uploads\/2018\/08\/logo.png\",\"contentUrl\":\"https:\/\/www.nahkur.com\/wp-content\/uploads\/2018\/08\/logo.png\",\"width\":154,\"height\":91,\"caption\":\"Nahkur O\u00dc - Kanga ja naha m\u00fc\u00fck - auto nahksisu\"},\"image\":{\"@id\":\"http:\/\/www.nahkur.com\/#\/schema\/logo\/image\/\"},\"sameAs\":[\"https:\/\/www.facebook.com\/nahkurcom\"]}]}<\/script>\n<!-- \/ Yoast SEO plugin. -->","yoast_head_json":{"title":"Nahkur - Sadulsepa teenused, polsterdust\u00f6\u00f6d ja \u00f5mblust\u00f6\u00f6d","description":"Kvaliteetsed autonahad, kangad ja m\u00f6\u00f6bli tekstiil. Suures valikus auto laekangast. Posterdust\u00f6\u00f6d m\u00f6\u00f6blile, moto sadulatele ja autosisule.","robots":{"index":"index","follow":"follow","max-snippet":"max-snippet:-1","max-image-preview":"max-image-preview:large","max-video-preview":"max-video-preview:-1"},"canonical":"http:\/\/www.nahkur.com\/","og_locale":"en_US","og_type":"article","og_title":"Nahkur - autosisud, naha ja tekstiili m\u00fc\u00fck","og_description":"Kvaliteetsed autonahad, kangad ja m\u00f6\u00f6bli tekstiil. Suures valikus auto laekangast. Posterdust\u00f6\u00f6d m\u00f6\u00f6blile, moto sadulatele ja autosisule.","og_url":"http:\/\/www.nahkur.com\/","og_site_name":"Nahkur","article_publisher":"https:\/\/www.facebook.com\/nahkurcom","article_modified_time":"2026-02-04T19:15:40+00:00","og_image":[{"width":2048,"height":1365,"url":"http:\/\/www.nahkur.com\/wp-content\/uploads\/2024\/06\/57358201_2552473081449497_9046731271899709440_n.jpg","type":"image\/jpeg"}],"twitter_card":"summary_large_image","twitter_misc":{"Est. reading time":"2 minutes"},"schema":{"@context":"https:\/\/schema.org","@graph":[{"@type":"WebPage","@id":"http:\/\/www.nahkur.com\/","url":"http:\/\/www.nahkur.com\/","name":"Nahkur - Sadulsepa teenused, polsterdust\u00f6\u00f6d ja \u00f5mblust\u00f6\u00f6d","isPartOf":{"@id":"http:\/\/www.nahkur.com\/#website"},"datePublished":"2014-09-10T19:45:59+00:00","dateModified":"2026-02-04T19:15:40+00:00","description":"Kvaliteetsed autonahad, kangad ja m\u00f6\u00f6bli tekstiil. Suures valikus auto laekangast. Posterdust\u00f6\u00f6d m\u00f6\u00f6blile, moto sadulatele ja autosisule.","breadcrumb":{"@id":"http:\/\/www.nahkur.com\/#breadcrumb"},"inLanguage":"en-US","potentialAction":[{"@type":"ReadAction","target":["http:\/\/www.nahkur.com\/"]}]},{"@type":"BreadcrumbList","@id":"http:\/\/www.nahkur.com\/#breadcrumb","itemListElement":[{"@type":"ListItem","position":1,"name":"Home","item":"http:\/\/www.nahkur.com\/"},{"@type":"ListItem","position":2,"name":"Esileht"}]},{"@type":"WebSite","@id":"http:\/\/www.nahkur.com\/#website","url":"http:\/\/www.nahkur.com\/","name":"Nahkur - Sadulsepa, polsterdus- ja \u00f5mblust\u00f6\u00f6d","description":"Auto nahksisu, polsterdust\u00f6\u00f6d ja \u00f5mblust\u00f6\u00f6d","publisher":{"@id":"http:\/\/www.nahkur.com\/#organization"},"potentialAction":[{"@type":"SearchAction","target":{"@type":"EntryPoint","urlTemplate":"http:\/\/www.nahkur.com\/?s={search_term_string}"},"query-input":"required name=search_term_string"}],"inLanguage":"en-US"},{"@type":"Organization","@id":"http:\/\/www.nahkur.com\/#organization","name":"Nahkur O\u00dc - Kanga ja naha m\u00fc\u00fck - auto nahksisu","alternateName":"Nahkur O\u00dc","url":"http:\/\/www.nahkur.com\/","logo":{"@type":"ImageObject","inLanguage":"en-US","@id":"http:\/\/www.nahkur.com\/#\/schema\/logo\/image\/","url":"https:\/\/www.nahkur.com\/wp-content\/uploads\/2018\/08\/logo.png","contentUrl":"https:\/\/www.nahkur.com\/wp-content\/uploads\/2018\/08\/logo.png","width":154,"height":91,"caption":"Nahkur O\u00dc - Kanga ja naha m\u00fc\u00fck - auto nahksisu"},"image":{"@id":"http:\/\/www.nahkur.com\/#\/schema\/logo\/image\/"},"sameAs":["https:\/\/www.facebook.com\/nahkurcom"]}]}},"_links":{"self":[{"href":"http:\/\/www.nahkur.com\/en\/wp-json\/wp\/v2\/pages\/707"}],"collection":[{"href":"http:\/\/www.nahkur.com\/en\/wp-json\/wp\/v2\/pages"}],"about":[{"href":"http:\/\/www.nahkur.com\/en\/wp-json\/wp\/v2\/types\/page"}],"author":[{"embeddable":true,"href":"http:\/\/www.nahkur.com\/en\/wp-json\/wp\/v2\/users\/1"}],"replies":[{"embeddable":true,"href":"http:\/\/www.nahkur.com\/en\/wp-json\/wp\/v2\/comments?post=707"}],"version-history":[{"count":5,"href":"http:\/\/www.nahkur.com\/en\/wp-json\/wp\/v2\/pages\/707\/revisions"}],"predecessor-version":[{"id":1781,"href":"http:\/\/www.nahkur.com\/en\/wp-json\/wp\/v2\/pages\/707\/revisions\/1781"}],"wp:attachment":[{"href":"http:\/\/www.nahkur.com\/en\/wp-json\/wp\/v2\/media?parent=707"}],"curies":[{"name":"wp","href":"https:\/\/api.w.org\/{rel}","templated":true}]}}